{"id":124,"date":"2020-04-17T07:39:25","date_gmt":"2020-04-17T05:39:25","guid":{"rendered":"http:\/\/hittfelder-muehle.de\/?page_id=124"},"modified":"2022-02-20T18:01:03","modified_gmt":"2022-02-20T17:01:03","slug":"die-location","status":"publish","type":"page","link":"https:\/\/hittfelder-muehle.de\/index.php\/die-location\/","title":{"rendered":"Die Location"},"content":{"rendered":"\n<h4 class=\"has-text-align-left wp-block-heading\">M\u00fchle.Mainfloor<\/h4>\n\n\n\n<div class=\"wp-block-image is-style-rounded\"><figure class=\"aligncenter size-large is-resized\"><a href=\"\/index.php\/die-location\/mainfloor\/\"><img loading=\"lazy\" decoding=\"async\" src=\"https:\/\/hittfelder-muehle.de\/wp-content\/uploads\/2022\/02\/MuehleMain010-1024x683.jpg\" alt=\"\" class=\"wp-image-781\" width=\"265\" height=\"176\" srcset=\"https:\/\/hittfelder-muehle.de\/wp-content\/uploads\/2022\/02\/MuehleMain010-1024x683.jpg 1024w, https:\/\/hittfelder-muehle.de\/wp-content\/uploads\/2022\/02\/MuehleMain010-300x200.jpg 300w, https:\/\/hittfelder-muehle.de\/wp-content\/uploads\/2022\/02\/MuehleMain010-768x512.jpg 768w, https:\/\/hittfelder-muehle.de\/wp-content\/uploads\/2022\/02\/MuehleMain010-1536x1024.jpg 1536w, https:\/\/hittfelder-muehle.de\/wp-content\/uploads\/2022\/02\/MuehleMain010-890x593.jpg 890w, https:\/\/hittfelder-muehle.de\/wp-content\/uploads\/2022\/02\/MuehleMain010-663x442.jpg 663w, https:\/\/hittfelder-muehle.de\/wp-content\/uploads\/2022\/02\/MuehleMain010-600x400.jpg 600w, https:\/\/hittfelder-muehle.de\/wp-content\/uploads\/2022\/02\/MuehleMain010.jpg 1920w\" sizes=\"auto, (max-width: 265px) 100vw, 265px\" \/><\/a><\/figure><\/div>\n\n\n\n<hr class=\"wp-block-separator\"\/>\n\n\n\n<h4 class=\"has-text-align-left wp-block-heading\">M\u00fchle.Club<\/h4>\n\n\n\n<div class=\"wp-block-image is-style-rounded\"><figure class=\"aligncenter size-large is-resized\"><a href=\"http:\/\/hittfelder-muehle.de\/index.php\/die-location\/cocktailbar\/\"><img loading=\"lazy\" decoding=\"async\" src=\"http:\/\/hittfelder-muehle.de\/wp-content\/uploads\/2020\/04\/48403304_2199947600037196_3859890003723157504_o-1024x768.jpg\" alt=\"\" class=\"wp-image-57\" width=\"257\" height=\"193\" srcset=\"https:\/\/hittfelder-muehle.de\/wp-content\/uploads\/2020\/04\/48403304_2199947600037196_3859890003723157504_o-1024x768.jpg 1024w, https:\/\/hittfelder-muehle.de\/wp-content\/uploads\/2020\/04\/48403304_2199947600037196_3859890003723157504_o-300x225.jpg 300w, https:\/\/hittfelder-muehle.de\/wp-content\/uploads\/2020\/04\/48403304_2199947600037196_3859890003723157504_o-768x576.jpg 768w, https:\/\/hittfelder-muehle.de\/wp-content\/uploads\/2020\/04\/48403304_2199947600037196_3859890003723157504_o-1536x1152.jpg 1536w, https:\/\/hittfelder-muehle.de\/wp-content\/uploads\/2020\/04\/48403304_2199947600037196_3859890003723157504_o-890x668.jpg 890w, https:\/\/hittfelder-muehle.de\/wp-content\/uploads\/2020\/04\/48403304_2199947600037196_3859890003723157504_o-663x497.jpg 663w, https:\/\/hittfelder-muehle.de\/wp-content\/uploads\/2020\/04\/48403304_2199947600037196_3859890003723157504_o-350x262.jpg 350w, https:\/\/hittfelder-muehle.de\/wp-content\/uploads\/2020\/04\/48403304_2199947600037196_3859890003723157504_o-600x450.jpg 600w, https:\/\/hittfelder-muehle.de\/wp-content\/uploads\/2020\/04\/48403304_2199947600037196_3859890003723157504_o.jpg 2016w\" sizes=\"auto, (max-width: 257px) 100vw, 257px\" \/><\/a><\/figure><\/div>\n\n\n\n<hr class=\"wp-block-separator\"\/>\n\n\n\n<h4 class=\"has-text-align-left wp-block-heading\">M\u00fchle.Dachterrasse<\/h4>\n\n\n\n<hr class=\"wp-block-separator\"\/>\n\n\n\n<h4 class=\"has-text-align-left wp-block-heading\">M\u00fchle\u00b2<\/h4>\n\n\n\n<div class=\"wp-block-image is-style-rounded\"><figure class=\"aligncenter size-large is-resized\"><a href=\"\/index.php\/die-location\/die-muehle\/\"><img loading=\"lazy\" decoding=\"async\" src=\"http:\/\/hittfelder-muehle.de\/wp-content\/uploads\/2020\/04\/64219235_2477659785599308_4946848949626470400_o-1024x498.jpg\" alt=\"\" class=\"wp-image-63\" width=\"263\" height=\"128\" srcset=\"https:\/\/hittfelder-muehle.de\/wp-content\/uploads\/2020\/04\/64219235_2477659785599308_4946848949626470400_o-1024x498.jpg 1024w, https:\/\/hittfelder-muehle.de\/wp-content\/uploads\/2020\/04\/64219235_2477659785599308_4946848949626470400_o-300x146.jpg 300w, https:\/\/hittfelder-muehle.de\/wp-content\/uploads\/2020\/04\/64219235_2477659785599308_4946848949626470400_o-768x373.jpg 768w, https:\/\/hittfelder-muehle.de\/wp-content\/uploads\/2020\/04\/64219235_2477659785599308_4946848949626470400_o-1536x747.jpg 1536w, https:\/\/hittfelder-muehle.de\/wp-content\/uploads\/2020\/04\/64219235_2477659785599308_4946848949626470400_o-890x433.jpg 890w, https:\/\/hittfelder-muehle.de\/wp-content\/uploads\/2020\/04\/64219235_2477659785599308_4946848949626470400_o-663x322.jpg 663w, https:\/\/hittfelder-muehle.de\/wp-content\/uploads\/2020\/04\/64219235_2477659785599308_4946848949626470400_o-600x292.jpg 600w, https:\/\/hittfelder-muehle.de\/wp-content\/uploads\/2020\/04\/64219235_2477659785599308_4946848949626470400_o.jpg 2016w\" sizes=\"auto, (max-width: 263px) 100vw, 263px\" \/><\/a><\/figure><\/div>\n\n\n\n<hr class=\"wp-block-separator\"\/>\n\n\n\n<h4 class=\"has-text-align-left wp-block-heading\">M\u00fchle.Mampf<\/h4>\n\n\n\n<hr class=\"wp-block-separator\"\/>\n\n\n\n<h4 class=\"has-text-align-left wp-block-heading\">M\u00fchle.Felsenkeller<\/h4>\n\n\n\n<div class=\"wp-block-image is-style-rounded\"><figure class=\"aligncenter size-large is-resized\"><a href=\"\/index.php\/die-location\/felsenkeller\/\"><img loading=\"lazy\" decoding=\"async\" src=\"http:\/\/hittfelder-muehle.de\/wp-content\/uploads\/2020\/04\/IMG_20190415_222542-1024x528.jpg\" alt=\"\" class=\"wp-image-212\" width=\"258\" height=\"133\" srcset=\"https:\/\/hittfelder-muehle.de\/wp-content\/uploads\/2020\/04\/IMG_20190415_222542-1024x528.jpg 1024w, https:\/\/hittfelder-muehle.de\/wp-content\/uploads\/2020\/04\/IMG_20190415_222542-300x155.jpg 300w, https:\/\/hittfelder-muehle.de\/wp-content\/uploads\/2020\/04\/IMG_20190415_222542-768x396.jpg 768w, https:\/\/hittfelder-muehle.de\/wp-content\/uploads\/2020\/04\/IMG_20190415_222542-1536x792.jpg 1536w, https:\/\/hittfelder-muehle.de\/wp-content\/uploads\/2020\/04\/IMG_20190415_222542-2048x1056.jpg 2048w, https:\/\/hittfelder-muehle.de\/wp-content\/uploads\/2020\/04\/IMG_20190415_222542-890x459.jpg 890w, https:\/\/hittfelder-muehle.de\/wp-content\/uploads\/2020\/04\/IMG_20190415_222542-663x342.jpg 663w, https:\/\/hittfelder-muehle.de\/wp-content\/uploads\/2020\/04\/IMG_20190415_222542-600x309.jpg 600w\" sizes=\"auto, (max-width: 258px) 100vw, 258px\" \/><\/a><\/figure><\/div>\n","protected":false},"excerpt":{"rendered":"<p>M\u00fchle.Mainfloor M\u00fchle.Club M\u00fchle.Dachterrasse M\u00fchle\u00b2 M\u00fchle.Mampf M\u00fchle.Felsenkeller<\/p>\n","protected":false},"author":1,"featured_media":56,"parent":0,"menu_order":0,"comment_status":"closed","ping_status":"closed","template":"","meta":{"footnotes":""},"class_list":["post-124","page","type-page","status-publish","has-post-thumbnail","hentry"],"_links":{"self":[{"href":"https:\/\/hittfelder-muehle.de\/index.php\/wp-json\/wp\/v2\/pages\/124","targetHints":{"allow":["GET"]}}],"collection":[{"href":"https:\/\/hittfelder-muehle.de\/index.php\/wp-json\/wp\/v2\/pages"}],"about":[{"href":"https:\/\/hittfelder-muehle.de\/index.php\/wp-json\/wp\/v2\/types\/page"}],"author":[{"embeddable":true,"href":"https:\/\/hittfelder-muehle.de\/index.php\/wp-json\/wp\/v2\/users\/1"}],"replies":[{"embeddable":true,"href":"https:\/\/hittfelder-muehle.de\/index.php\/wp-json\/wp\/v2\/comments?post=124"}],"version-history":[{"count":35,"href":"https:\/\/hittfelder-muehle.de\/index.php\/wp-json\/wp\/v2\/pages\/124\/revisions"}],"predecessor-version":[{"id":802,"href":"https:\/\/hittfelder-muehle.de\/index.php\/wp-json\/wp\/v2\/pages\/124\/revisions\/802"}],"wp:featuredmedia":[{"embeddable":true,"href":"https:\/\/hittfelder-muehle.de\/index.php\/wp-json\/wp\/v2\/media\/56"}],"wp:attachment":[{"href":"https:\/\/hittfelder-muehle.de\/index.php\/wp-json\/wp\/v2\/media?parent=124"}],"curies":[{"name":"wp","href":"https:\/\/api.w.org\/{rel}","templated":true}]}}