{"id":129,"date":"2020-04-17T07:41:16","date_gmt":"2020-04-17T05:41:16","guid":{"rendered":"http:\/\/hittfelder-muehle.de\/?page_id=129"},"modified":"2021-09-16T07:51:36","modified_gmt":"2021-09-16T05:51:36","slug":"cocktailbar","status":"publish","type":"page","link":"https:\/\/hittfelder-muehle.de\/index.php\/die-location\/cocktailbar\/","title":{"rendered":"M\u00fchle.Club"},"content":{"rendered":"\n<h2 class=\"wp-block-heading\">M\u00fchle.Club<\/h2>\n\n\n\n<p>Ein zweiter Floor der Diskothek Hittfelder M\u00fchle.<br>Modernste LED Technik, eine kleine Tanzfl\u00e4che und wechselnde Motto&#8217;s lassen direktes Club- Feeling aufkommen.<br>Zudem gibt es hier leckere Cocktails, gem\u00fctliche R\u00fcckzugsm\u00f6glichkeiten wenn man mal ein kleines P\u00e4uschen braucht.<\/p>\n\n\n\n<p>Die Cocktailbar k\u00f6nnt ihr nat\u00fcrlich auch f\u00fcr eure eigene private Feier buchen. <br>Ihr habt einen DJ: gar kein Problem. Es ist genug Platz f\u00fcr den DJ vorhanden, damit er sich richtig austoben kann.<br>Ihr habt noch keinen DJ: Schaut mal hier <a rel=\"noreferrer noopener\" href=\"https:\/\/dein-event-hamburg.de\" target=\"_blank\">https:\/\/dein-event-hamburg.de<\/a><\/p>\n\n\n\n<p>Hier geht&#8217;s zu Buchungsinformationen: <a href=\"\/index.php\/muehle-buchen\/\">klick mich<\/a><\/p>\n\n\n\n<figure class=\"wp-block-gallery columns-3 is-cropped wp-block-gallery-1 is-layout-flex wp-block-gallery-is-layout-flex\"><ul class=\"blocks-gallery-grid\"><li class=\"blocks-gallery-item\"><figure><a href=\"http:\/\/hittfelder-muehle.de\/wp-content\/uploads\/2020\/06\/DSC00708-scaled.jpg\" rel=\"lightbox[129]\"><img loading=\"lazy\" decoding=\"async\" width=\"1024\" height=\"685\" src=\"http:\/\/hittfelder-muehle.de\/wp-content\/uploads\/2020\/06\/DSC00708-1024x685.jpg\" alt=\"\" data-id=\"382\" data-full-url=\"http:\/\/hittfelder-muehle.de\/wp-content\/uploads\/2020\/06\/DSC00708-scaled.jpg\" data-link=\"http:\/\/hittfelder-muehle.de\/index.php\/die-location\/cocktailbar\/sony-dsc-14\/\" class=\"wp-image-382\" srcset=\"https:\/\/hittfelder-muehle.de\/wp-content\/uploads\/2020\/06\/DSC00708-1024x685.jpg 1024w, https:\/\/hittfelder-muehle.de\/wp-content\/uploads\/2020\/06\/DSC00708-300x201.jpg 300w, https:\/\/hittfelder-muehle.de\/wp-content\/uploads\/2020\/06\/DSC00708-768x514.jpg 768w, https:\/\/hittfelder-muehle.de\/wp-content\/uploads\/2020\/06\/DSC00708-1536x1028.jpg 1536w, https:\/\/hittfelder-muehle.de\/wp-content\/uploads\/2020\/06\/DSC00708-2048x1371.jpg 2048w, https:\/\/hittfelder-muehle.de\/wp-content\/uploads\/2020\/06\/DSC00708-890x596.jpg 890w, https:\/\/hittfelder-muehle.de\/wp-content\/uploads\/2020\/06\/DSC00708-663x444.jpg 663w, https:\/\/hittfelder-muehle.de\/wp-content\/uploads\/2020\/06\/DSC00708-600x402.jpg 600w\" sizes=\"auto, (max-width: 1024px) 100vw, 1024px\" \/><\/a><\/figure><\/li><li class=\"blocks-gallery-item\"><figure><a href=\"http:\/\/hittfelder-muehle.de\/wp-content\/uploads\/2020\/06\/DSC00710-scaled.jpg\" rel=\"lightbox[129]\"><img loading=\"lazy\" decoding=\"async\" width=\"1024\" height=\"685\" src=\"http:\/\/hittfelder-muehle.de\/wp-content\/uploads\/2020\/06\/DSC00710-1024x685.jpg\" alt=\"\" data-id=\"383\" data-full-url=\"http:\/\/hittfelder-muehle.de\/wp-content\/uploads\/2020\/06\/DSC00710-scaled.jpg\" data-link=\"http:\/\/hittfelder-muehle.de\/index.php\/die-location\/cocktailbar\/sony-dsc-15\/\" class=\"wp-image-383\" srcset=\"https:\/\/hittfelder-muehle.de\/wp-content\/uploads\/2020\/06\/DSC00710-1024x685.jpg 1024w, https:\/\/hittfelder-muehle.de\/wp-content\/uploads\/2020\/06\/DSC00710-300x201.jpg 300w, https:\/\/hittfelder-muehle.de\/wp-content\/uploads\/2020\/06\/DSC00710-768x514.jpg 768w, https:\/\/hittfelder-muehle.de\/wp-content\/uploads\/2020\/06\/DSC00710-1536x1028.jpg 1536w, https:\/\/hittfelder-muehle.de\/wp-content\/uploads\/2020\/06\/DSC00710-2048x1371.jpg 2048w, https:\/\/hittfelder-muehle.de\/wp-content\/uploads\/2020\/06\/DSC00710-890x596.jpg 890w, https:\/\/hittfelder-muehle.de\/wp-content\/uploads\/2020\/06\/DSC00710-663x444.jpg 663w, https:\/\/hittfelder-muehle.de\/wp-content\/uploads\/2020\/06\/DSC00710-600x402.jpg 600w\" sizes=\"auto, (max-width: 1024px) 100vw, 1024px\" \/><\/a><\/figure><\/li><li class=\"blocks-gallery-item\"><figure><a href=\"http:\/\/hittfelder-muehle.de\/wp-content\/uploads\/2020\/06\/IMG_9723-scaled.jpg\" rel=\"lightbox[129]\"><img loading=\"lazy\" decoding=\"async\" width=\"1024\" height=\"683\" src=\"http:\/\/hittfelder-muehle.de\/wp-content\/uploads\/2020\/06\/IMG_9723-1024x683.jpg\" alt=\"\" data-id=\"381\" data-full-url=\"http:\/\/hittfelder-muehle.de\/wp-content\/uploads\/2020\/06\/IMG_9723-scaled.jpg\" data-link=\"http:\/\/hittfelder-muehle.de\/index.php\/die-location\/cocktailbar\/img_9723\/\" class=\"wp-image-381\" srcset=\"https:\/\/hittfelder-muehle.de\/wp-content\/uploads\/2020\/06\/IMG_9723-1024x683.jpg 1024w, https:\/\/hittfelder-muehle.de\/wp-content\/uploads\/2020\/06\/IMG_9723-300x200.jpg 300w, https:\/\/hittfelder-muehle.de\/wp-content\/uploads\/2020\/06\/IMG_9723-768x512.jpg 768w, https:\/\/hittfelder-muehle.de\/wp-content\/uploads\/2020\/06\/IMG_9723-1536x1024.jpg 1536w, https:\/\/hittfelder-muehle.de\/wp-content\/uploads\/2020\/06\/IMG_9723-2048x1365.jpg 2048w, https:\/\/hittfelder-muehle.de\/wp-content\/uploads\/2020\/06\/IMG_9723-890x593.jpg 890w, https:\/\/hittfelder-muehle.de\/wp-content\/uploads\/2020\/06\/IMG_9723-663x442.jpg 663w, https:\/\/hittfelder-muehle.de\/wp-content\/uploads\/2020\/06\/IMG_9723-600x400.jpg 600w\" sizes=\"auto, (max-width: 1024px) 100vw, 1024px\" \/><\/a><\/figure><\/li><li class=\"blocks-gallery-item\"><figure><a href=\"http:\/\/hittfelder-muehle.de\/wp-content\/uploads\/2020\/06\/DSC00692-scaled.jpg\" rel=\"lightbox[129]\"><img loading=\"lazy\" decoding=\"async\" width=\"685\" height=\"1024\" src=\"http:\/\/hittfelder-muehle.de\/wp-content\/uploads\/2020\/06\/DSC00692-685x1024.jpg\" alt=\"\" data-id=\"379\" data-full-url=\"http:\/\/hittfelder-muehle.de\/wp-content\/uploads\/2020\/06\/DSC00692-scaled.jpg\" data-link=\"http:\/\/hittfelder-muehle.de\/index.php\/die-location\/cocktailbar\/sony-dsc-12\/\" class=\"wp-image-379\" srcset=\"https:\/\/hittfelder-muehle.de\/wp-content\/uploads\/2020\/06\/DSC00692-685x1024.jpg 685w, https:\/\/hittfelder-muehle.de\/wp-content\/uploads\/2020\/06\/DSC00692-201x300.jpg 201w, https:\/\/hittfelder-muehle.de\/wp-content\/uploads\/2020\/06\/DSC00692-768x1147.jpg 768w, https:\/\/hittfelder-muehle.de\/wp-content\/uploads\/2020\/06\/DSC00692-1028x1536.jpg 1028w, https:\/\/hittfelder-muehle.de\/wp-content\/uploads\/2020\/06\/DSC00692-1371x2048.jpg 1371w, https:\/\/hittfelder-muehle.de\/wp-content\/uploads\/2020\/06\/DSC00692-890x1330.jpg 890w, https:\/\/hittfelder-muehle.de\/wp-content\/uploads\/2020\/06\/DSC00692-663x990.jpg 663w, https:\/\/hittfelder-muehle.de\/wp-content\/uploads\/2020\/06\/DSC00692-600x896.jpg 600w, https:\/\/hittfelder-muehle.de\/wp-content\/uploads\/2020\/06\/DSC00692-scaled.jpg 1714w\" sizes=\"auto, (max-width: 685px) 100vw, 685px\" \/><\/a><\/figure><\/li><li class=\"blocks-gallery-item\"><figure><a href=\"http:\/\/hittfelder-muehle.de\/wp-content\/uploads\/2020\/06\/IMG_9701-scaled.jpg\" rel=\"lightbox[129]\"><img loading=\"lazy\" decoding=\"async\" width=\"1024\" height=\"683\" src=\"http:\/\/hittfelder-muehle.de\/wp-content\/uploads\/2020\/06\/IMG_9701-1024x683.jpg\" alt=\"\" data-id=\"376\" data-full-url=\"http:\/\/hittfelder-muehle.de\/wp-content\/uploads\/2020\/06\/IMG_9701-scaled.jpg\" data-link=\"http:\/\/hittfelder-muehle.de\/index.php\/die-location\/cocktailbar\/img_9701\/\" class=\"wp-image-376\" srcset=\"https:\/\/hittfelder-muehle.de\/wp-content\/uploads\/2020\/06\/IMG_9701-1024x683.jpg 1024w, https:\/\/hittfelder-muehle.de\/wp-content\/uploads\/2020\/06\/IMG_9701-300x200.jpg 300w, https:\/\/hittfelder-muehle.de\/wp-content\/uploads\/2020\/06\/IMG_9701-768x512.jpg 768w, https:\/\/hittfelder-muehle.de\/wp-content\/uploads\/2020\/06\/IMG_9701-1536x1024.jpg 1536w, https:\/\/hittfelder-muehle.de\/wp-content\/uploads\/2020\/06\/IMG_9701-2048x1365.jpg 2048w, https:\/\/hittfelder-muehle.de\/wp-content\/uploads\/2020\/06\/IMG_9701-890x593.jpg 890w, https:\/\/hittfelder-muehle.de\/wp-content\/uploads\/2020\/06\/IMG_9701-663x442.jpg 663w, https:\/\/hittfelder-muehle.de\/wp-content\/uploads\/2020\/06\/IMG_9701-600x400.jpg 600w\" sizes=\"auto, (max-width: 1024px) 100vw, 1024px\" \/><\/a><\/figure><\/li><li class=\"blocks-gallery-item\"><figure><a href=\"http:\/\/hittfelder-muehle.de\/wp-content\/uploads\/2020\/06\/IMG_9712-scaled.jpg\" rel=\"lightbox[129]\"><img loading=\"lazy\" decoding=\"async\" width=\"1024\" height=\"683\" src=\"http:\/\/hittfelder-muehle.de\/wp-content\/uploads\/2020\/06\/IMG_9712-1024x683.jpg\" alt=\"\" data-id=\"377\" data-full-url=\"http:\/\/hittfelder-muehle.de\/wp-content\/uploads\/2020\/06\/IMG_9712-scaled.jpg\" data-link=\"http:\/\/hittfelder-muehle.de\/index.php\/die-location\/cocktailbar\/img_9712\/\" class=\"wp-image-377\" srcset=\"https:\/\/hittfelder-muehle.de\/wp-content\/uploads\/2020\/06\/IMG_9712-1024x683.jpg 1024w, https:\/\/hittfelder-muehle.de\/wp-content\/uploads\/2020\/06\/IMG_9712-300x200.jpg 300w, https:\/\/hittfelder-muehle.de\/wp-content\/uploads\/2020\/06\/IMG_9712-768x512.jpg 768w, https:\/\/hittfelder-muehle.de\/wp-content\/uploads\/2020\/06\/IMG_9712-1536x1024.jpg 1536w, https:\/\/hittfelder-muehle.de\/wp-content\/uploads\/2020\/06\/IMG_9712-2048x1365.jpg 2048w, https:\/\/hittfelder-muehle.de\/wp-content\/uploads\/2020\/06\/IMG_9712-890x593.jpg 890w, https:\/\/hittfelder-muehle.de\/wp-content\/uploads\/2020\/06\/IMG_9712-663x442.jpg 663w, https:\/\/hittfelder-muehle.de\/wp-content\/uploads\/2020\/06\/IMG_9712-600x400.jpg 600w\" sizes=\"auto, (max-width: 1024px) 100vw, 1024px\" \/><\/a><\/figure><\/li><li class=\"blocks-gallery-item\"><figure><a href=\"http:\/\/hittfelder-muehle.de\/wp-content\/uploads\/2020\/06\/IMG_9719-scaled.jpg\" rel=\"lightbox[129]\"><img loading=\"lazy\" decoding=\"async\" width=\"1024\" height=\"575\" src=\"http:\/\/hittfelder-muehle.de\/wp-content\/uploads\/2020\/06\/IMG_9719-1024x575.jpg\" alt=\"\" data-id=\"378\" data-full-url=\"http:\/\/hittfelder-muehle.de\/wp-content\/uploads\/2020\/06\/IMG_9719-scaled.jpg\" data-link=\"http:\/\/hittfelder-muehle.de\/index.php\/die-location\/cocktailbar\/img_9719\/\" class=\"wp-image-378\" srcset=\"https:\/\/hittfelder-muehle.de\/wp-content\/uploads\/2020\/06\/IMG_9719-1024x575.jpg 1024w, https:\/\/hittfelder-muehle.de\/wp-content\/uploads\/2020\/06\/IMG_9719-300x169.jpg 300w, https:\/\/hittfelder-muehle.de\/wp-content\/uploads\/2020\/06\/IMG_9719-768x431.jpg 768w, https:\/\/hittfelder-muehle.de\/wp-content\/uploads\/2020\/06\/IMG_9719-1536x863.jpg 1536w, https:\/\/hittfelder-muehle.de\/wp-content\/uploads\/2020\/06\/IMG_9719-2048x1150.jpg 2048w, https:\/\/hittfelder-muehle.de\/wp-content\/uploads\/2020\/06\/IMG_9719-890x500.jpg 890w, https:\/\/hittfelder-muehle.de\/wp-content\/uploads\/2020\/06\/IMG_9719-663x372.jpg 663w, https:\/\/hittfelder-muehle.de\/wp-content\/uploads\/2020\/06\/IMG_9719-600x337.jpg 600w\" sizes=\"auto, (max-width: 1024px) 100vw, 1024px\" \/><\/a><\/figure><\/li><li class=\"blocks-gallery-item\"><figure><a href=\"http:\/\/hittfelder-muehle.de\/wp-content\/uploads\/2020\/06\/DSC00699-scaled.jpg\" rel=\"lightbox[129]\"><img loading=\"lazy\" decoding=\"async\" width=\"1024\" height=\"685\" src=\"http:\/\/hittfelder-muehle.de\/wp-content\/uploads\/2020\/06\/DSC00699-1024x685.jpg\" alt=\"\" data-id=\"380\" data-full-url=\"http:\/\/hittfelder-muehle.de\/wp-content\/uploads\/2020\/06\/DSC00699-scaled.jpg\" data-link=\"http:\/\/hittfelder-muehle.de\/index.php\/die-location\/cocktailbar\/sony-dsc-13\/\" class=\"wp-image-380\" srcset=\"https:\/\/hittfelder-muehle.de\/wp-content\/uploads\/2020\/06\/DSC00699-1024x685.jpg 1024w, https:\/\/hittfelder-muehle.de\/wp-content\/uploads\/2020\/06\/DSC00699-300x201.jpg 300w, https:\/\/hittfelder-muehle.de\/wp-content\/uploads\/2020\/06\/DSC00699-768x514.jpg 768w, https:\/\/hittfelder-muehle.de\/wp-content\/uploads\/2020\/06\/DSC00699-1536x1028.jpg 1536w, https:\/\/hittfelder-muehle.de\/wp-content\/uploads\/2020\/06\/DSC00699-2048x1371.jpg 2048w, https:\/\/hittfelder-muehle.de\/wp-content\/uploads\/2020\/06\/DSC00699-890x596.jpg 890w, https:\/\/hittfelder-muehle.de\/wp-content\/uploads\/2020\/06\/DSC00699-663x444.jpg 663w, https:\/\/hittfelder-muehle.de\/wp-content\/uploads\/2020\/06\/DSC00699-600x402.jpg 600w\" sizes=\"auto, (max-width: 1024px) 100vw, 1024px\" \/><\/a><\/figure><\/li><\/ul><\/figure>\n","protected":false},"excerpt":{"rendered":"<p>M\u00fchle.Club Ein zweiter Floor der Diskothek Hittfelder M\u00fchle.Modernste LED Technik, eine kleine Tanzfl\u00e4che und wechselnde Motto&#8217;s lassen direktes Club- Feeling aufkommen.Zudem gibt es hier leckere Cocktails, gem\u00fctliche R\u00fcckzugsm\u00f6glichkeiten wenn man mal ein kleines P\u00e4uschen braucht. Die Cocktailbar k\u00f6nnt ihr nat\u00fcrlich [&hellip;]<\/p>\n","protected":false},"author":1,"featured_media":57,"parent":124,"menu_order":0,"comment_status":"closed","ping_status":"closed","template":"","meta":{"footnotes":""},"class_list":["post-129","page","type-page","status-publish","has-post-thumbnail","hentry"],"_links":{"self":[{"href":"https:\/\/hittfelder-muehle.de\/index.php\/wp-json\/wp\/v2\/pages\/129","targetHints":{"allow":["GET"]}}],"collection":[{"href":"https:\/\/hittfelder-muehle.de\/index.php\/wp-json\/wp\/v2\/pages"}],"about":[{"href":"https:\/\/hittfelder-muehle.de\/index.php\/wp-json\/wp\/v2\/types\/page"}],"author":[{"embeddable":true,"href":"https:\/\/hittfelder-muehle.de\/index.php\/wp-json\/wp\/v2\/users\/1"}],"replies":[{"embeddable":true,"href":"https:\/\/hittfelder-muehle.de\/index.php\/wp-json\/wp\/v2\/comments?post=129"}],"version-history":[{"count":12,"href":"https:\/\/hittfelder-muehle.de\/index.php\/wp-json\/wp\/v2\/pages\/129\/revisions"}],"predecessor-version":[{"id":469,"href":"https:\/\/hittfelder-muehle.de\/index.php\/wp-json\/wp\/v2\/pages\/129\/revisions\/469"}],"up":[{"embeddable":true,"href":"https:\/\/hittfelder-muehle.de\/index.php\/wp-json\/wp\/v2\/pages\/124"}],"wp:featuredmedia":[{"embeddable":true,"href":"https:\/\/hittfelder-muehle.de\/index.php\/wp-json\/wp\/v2\/media\/57"}],"wp:attachment":[{"href":"https:\/\/hittfelder-muehle.de\/index.php\/wp-json\/wp\/v2\/media?parent=129"}],"curies":[{"name":"wp","href":"https:\/\/api.w.org\/{rel}","templated":true}]}}