{"id":148,"date":"2020-04-17T09:23:04","date_gmt":"2020-04-17T07:23:04","guid":{"rendered":"http:\/\/hittfelder-muehle.de\/?page_id=148"},"modified":"2020-04-25T23:06:35","modified_gmt":"2020-04-25T21:06:35","slug":"die-muehle","status":"publish","type":"page","link":"https:\/\/hittfelder-muehle.de\/index.php\/die-location\/die-muehle\/","title":{"rendered":"Die M\u00fchle"},"content":{"rendered":"\n<p>Feiern, Trinken, unterhalten unter einer traditionellen Windm\u00fchle!<\/p>\n\n\n\n<p>Wo fr\u00fcher Mehl gemahlen wurde kann in einer entspannten Atmosph\u00e4re getrunken, getanzt und gekl\u00f6nt werden.<\/p>\n\n\n\n<p>Ein modernes Ambiente unter der traditionellen Mechanik der original funktionsf\u00e4higen M\u00fchle! Einzigartig in ganz deutschland!<\/p>\n\n\n\n<figure class=\"wp-block-gallery columns-3 is-cropped wp-block-gallery-1 is-layout-flex wp-block-gallery-is-layout-flex\"><ul class=\"blocks-gallery-grid\"><li class=\"blocks-gallery-item\"><figure><a href=\"http:\/\/hittfelder-muehle.de\/wp-content\/uploads\/2020\/04\/40833689_2050136821684942_1582850393816170496_o.jpg\" rel=\"lightbox[148]\"><img loading=\"lazy\" decoding=\"async\" width=\"1024\" height=\"335\" src=\"http:\/\/hittfelder-muehle.de\/wp-content\/uploads\/2020\/04\/40833689_2050136821684942_1582850393816170496_o-1024x335.jpg\" alt=\"\" data-id=\"56\" data-full-url=\"http:\/\/hittfelder-muehle.de\/wp-content\/uploads\/2020\/04\/40833689_2050136821684942_1582850393816170496_o.jpg\" data-link=\"http:\/\/hittfelder-muehle.de\/index.php\/cphoto\/impressionen\/40833689_2050136821684942_1582850393816170496_o\/\" class=\"wp-image-56\" srcset=\"https:\/\/hittfelder-muehle.de\/wp-content\/uploads\/2020\/04\/40833689_2050136821684942_1582850393816170496_o-1024x335.jpg 1024w, https:\/\/hittfelder-muehle.de\/wp-content\/uploads\/2020\/04\/40833689_2050136821684942_1582850393816170496_o-300x98.jpg 300w, https:\/\/hittfelder-muehle.de\/wp-content\/uploads\/2020\/04\/40833689_2050136821684942_1582850393816170496_o-768x252.jpg 768w, https:\/\/hittfelder-muehle.de\/wp-content\/uploads\/2020\/04\/40833689_2050136821684942_1582850393816170496_o-1536x503.jpg 1536w, https:\/\/hittfelder-muehle.de\/wp-content\/uploads\/2020\/04\/40833689_2050136821684942_1582850393816170496_o-890x291.jpg 890w, https:\/\/hittfelder-muehle.de\/wp-content\/uploads\/2020\/04\/40833689_2050136821684942_1582850393816170496_o-663x217.jpg 663w, https:\/\/hittfelder-muehle.de\/wp-content\/uploads\/2020\/04\/40833689_2050136821684942_1582850393816170496_o-600x197.jpg 600w, https:\/\/hittfelder-muehle.de\/wp-content\/uploads\/2020\/04\/40833689_2050136821684942_1582850393816170496_o.jpg 1600w\" sizes=\"auto, (max-width: 1024px) 100vw, 1024px\" \/><\/a><\/figure><\/li><li class=\"blocks-gallery-item\"><figure><a href=\"http:\/\/hittfelder-muehle.de\/wp-content\/uploads\/2020\/04\/62609119_2477660945599192_5121877813355347968_o.jpg\" rel=\"lightbox[148]\"><img loading=\"lazy\" decoding=\"async\" width=\"1024\" height=\"498\" src=\"http:\/\/hittfelder-muehle.de\/wp-content\/uploads\/2020\/04\/62609119_2477660945599192_5121877813355347968_o-1024x498.jpg\" alt=\"\" data-id=\"64\" data-full-url=\"http:\/\/hittfelder-muehle.de\/wp-content\/uploads\/2020\/04\/62609119_2477660945599192_5121877813355347968_o.jpg\" data-link=\"http:\/\/hittfelder-muehle.de\/index.php\/cphoto\/impressionen\/62609119_2477660945599192_5121877813355347968_o\/\" class=\"wp-image-64\" srcset=\"https:\/\/hittfelder-muehle.de\/wp-content\/uploads\/2020\/04\/62609119_2477660945599192_5121877813355347968_o-1024x498.jpg 1024w, https:\/\/hittfelder-muehle.de\/wp-content\/uploads\/2020\/04\/62609119_2477660945599192_5121877813355347968_o-300x146.jpg 300w, https:\/\/hittfelder-muehle.de\/wp-content\/uploads\/2020\/04\/62609119_2477660945599192_5121877813355347968_o-768x373.jpg 768w, https:\/\/hittfelder-muehle.de\/wp-content\/uploads\/2020\/04\/62609119_2477660945599192_5121877813355347968_o-1536x747.jpg 1536w, https:\/\/hittfelder-muehle.de\/wp-content\/uploads\/2020\/04\/62609119_2477660945599192_5121877813355347968_o-890x433.jpg 890w, https:\/\/hittfelder-muehle.de\/wp-content\/uploads\/2020\/04\/62609119_2477660945599192_5121877813355347968_o-663x322.jpg 663w, https:\/\/hittfelder-muehle.de\/wp-content\/uploads\/2020\/04\/62609119_2477660945599192_5121877813355347968_o-600x292.jpg 600w, https:\/\/hittfelder-muehle.de\/wp-content\/uploads\/2020\/04\/62609119_2477660945599192_5121877813355347968_o.jpg 2016w\" sizes=\"auto, (max-width: 1024px) 100vw, 1024px\" \/><\/a><\/figure><\/li><li class=\"blocks-gallery-item\"><figure><a href=\"http:\/\/hittfelder-muehle.de\/wp-content\/uploads\/2020\/04\/64219235_2477659785599308_4946848949626470400_o.jpg\" rel=\"lightbox[148]\"><img loading=\"lazy\" decoding=\"async\" width=\"1024\" height=\"498\" src=\"http:\/\/hittfelder-muehle.de\/wp-content\/uploads\/2020\/04\/64219235_2477659785599308_4946848949626470400_o-1024x498.jpg\" alt=\"\" data-id=\"63\" data-full-url=\"http:\/\/hittfelder-muehle.de\/wp-content\/uploads\/2020\/04\/64219235_2477659785599308_4946848949626470400_o.jpg\" data-link=\"http:\/\/hittfelder-muehle.de\/index.php\/cphoto\/impressionen\/64219235_2477659785599308_4946848949626470400_o\/\" class=\"wp-image-63\" srcset=\"https:\/\/hittfelder-muehle.de\/wp-content\/uploads\/2020\/04\/64219235_2477659785599308_4946848949626470400_o-1024x498.jpg 1024w, https:\/\/hittfelder-muehle.de\/wp-content\/uploads\/2020\/04\/64219235_2477659785599308_4946848949626470400_o-300x146.jpg 300w, https:\/\/hittfelder-muehle.de\/wp-content\/uploads\/2020\/04\/64219235_2477659785599308_4946848949626470400_o-768x373.jpg 768w, https:\/\/hittfelder-muehle.de\/wp-content\/uploads\/2020\/04\/64219235_2477659785599308_4946848949626470400_o-1536x747.jpg 1536w, https:\/\/hittfelder-muehle.de\/wp-content\/uploads\/2020\/04\/64219235_2477659785599308_4946848949626470400_o-890x433.jpg 890w, https:\/\/hittfelder-muehle.de\/wp-content\/uploads\/2020\/04\/64219235_2477659785599308_4946848949626470400_o-663x322.jpg 663w, https:\/\/hittfelder-muehle.de\/wp-content\/uploads\/2020\/04\/64219235_2477659785599308_4946848949626470400_o-600x292.jpg 600w, https:\/\/hittfelder-muehle.de\/wp-content\/uploads\/2020\/04\/64219235_2477659785599308_4946848949626470400_o.jpg 2016w\" sizes=\"auto, (max-width: 1024px) 100vw, 1024px\" \/><\/a><\/figure><\/li><li class=\"blocks-gallery-item\"><figure><a href=\"http:\/\/hittfelder-muehle.de\/wp-content\/uploads\/2020\/04\/64233302_2477653115599975_2702571187044614144_o-scaled.jpg\" rel=\"lightbox[148]\"><img loading=\"lazy\" decoding=\"async\" width=\"1024\" height=\"498\" src=\"http:\/\/hittfelder-muehle.de\/wp-content\/uploads\/2020\/04\/64233302_2477653115599975_2702571187044614144_o-1024x498.jpg\" alt=\"\" data-id=\"60\" data-full-url=\"http:\/\/hittfelder-muehle.de\/wp-content\/uploads\/2020\/04\/64233302_2477653115599975_2702571187044614144_o-scaled.jpg\" data-link=\"http:\/\/hittfelder-muehle.de\/index.php\/cphoto\/impressionen\/64233302_2477653115599975_2702571187044614144_o\/\" class=\"wp-image-60\" srcset=\"https:\/\/hittfelder-muehle.de\/wp-content\/uploads\/2020\/04\/64233302_2477653115599975_2702571187044614144_o-1024x498.jpg 1024w, https:\/\/hittfelder-muehle.de\/wp-content\/uploads\/2020\/04\/64233302_2477653115599975_2702571187044614144_o-300x146.jpg 300w, https:\/\/hittfelder-muehle.de\/wp-content\/uploads\/2020\/04\/64233302_2477653115599975_2702571187044614144_o-768x373.jpg 768w, https:\/\/hittfelder-muehle.de\/wp-content\/uploads\/2020\/04\/64233302_2477653115599975_2702571187044614144_o-1536x746.jpg 1536w, https:\/\/hittfelder-muehle.de\/wp-content\/uploads\/2020\/04\/64233302_2477653115599975_2702571187044614144_o-2048x995.jpg 2048w, https:\/\/hittfelder-muehle.de\/wp-content\/uploads\/2020\/04\/64233302_2477653115599975_2702571187044614144_o-890x432.jpg 890w, https:\/\/hittfelder-muehle.de\/wp-content\/uploads\/2020\/04\/64233302_2477653115599975_2702571187044614144_o-663x322.jpg 663w, https:\/\/hittfelder-muehle.de\/wp-content\/uploads\/2020\/04\/64233302_2477653115599975_2702571187044614144_o-600x292.jpg 600w\" sizes=\"auto, (max-width: 1024px) 100vw, 1024px\" \/><\/a><\/figure><\/li><\/ul><\/figure>\n","protected":false},"excerpt":{"rendered":"<p>Feiern, Trinken, unterhalten unter einer traditionellen Windm\u00fchle! Wo fr\u00fcher Mehl gemahlen wurde kann in einer entspannten Atmosph\u00e4re getrunken, getanzt und gekl\u00f6nt werden. Ein modernes Ambiente unter der traditionellen Mechanik der original funktionsf\u00e4higen M\u00fchle! Einzigartig in ganz deutschland!<\/p>\n","protected":false},"author":1,"featured_media":63,"parent":124,"menu_order":0,"comment_status":"closed","ping_status":"closed","template":"","meta":{"footnotes":""},"class_list":["post-148","page","type-page","status-publish","has-post-thumbnail","hentry"],"_links":{"self":[{"href":"https:\/\/hittfelder-muehle.de\/index.php\/wp-json\/wp\/v2\/pages\/148","targetHints":{"allow":["GET"]}}],"collection":[{"href":"https:\/\/hittfelder-muehle.de\/index.php\/wp-json\/wp\/v2\/pages"}],"about":[{"href":"https:\/\/hittfelder-muehle.de\/index.php\/wp-json\/wp\/v2\/types\/page"}],"author":[{"embeddable":true,"href":"https:\/\/hittfelder-muehle.de\/index.php\/wp-json\/wp\/v2\/users\/1"}],"replies":[{"embeddable":true,"href":"https:\/\/hittfelder-muehle.de\/index.php\/wp-json\/wp\/v2\/comments?post=148"}],"version-history":[{"count":5,"href":"https:\/\/hittfelder-muehle.de\/index.php\/wp-json\/wp\/v2\/pages\/148\/revisions"}],"predecessor-version":[{"id":264,"href":"https:\/\/hittfelder-muehle.de\/index.php\/wp-json\/wp\/v2\/pages\/148\/revisions\/264"}],"up":[{"embeddable":true,"href":"https:\/\/hittfelder-muehle.de\/index.php\/wp-json\/wp\/v2\/pages\/124"}],"wp:featuredmedia":[{"embeddable":true,"href":"https:\/\/hittfelder-muehle.de\/index.php\/wp-json\/wp\/v2\/media\/63"}],"wp:attachment":[{"href":"https:\/\/hittfelder-muehle.de\/index.php\/wp-json\/wp\/v2\/media?parent=148"}],"curies":[{"name":"wp","href":"https:\/\/api.w.org\/{rel}","templated":true}]}}