{"id":522,"date":"2021-10-17T12:24:11","date_gmt":"2021-10-17T10:24:11","guid":{"rendered":"https:\/\/hittfelder-muehle.de\/?page_id=522"},"modified":"2021-10-18T08:43:42","modified_gmt":"2021-10-18T06:43:42","slug":"muehle-team","status":"publish","type":"page","link":"https:\/\/hittfelder-muehle.de\/index.php\/muehle-team\/","title":{"rendered":"M\u00fchle.Team"},"content":{"rendered":"<p>\u00a0<\/p>\n<p>Das Team der Hittfelder M\u00fchle sucht Verst\u00e4rkung.<\/p>\n<p>Wir suchen nette, aufgeschlossene und zuverl\u00e4ssige Mitarbeiter (m\/w\/d) f\u00fcr folgende Bereiche:<\/p>\n<ul>\n<li>Kasse<\/li>\n<li>Bar<\/li>\n<li>Cocktailmixer<\/li>\n<li>Logistik<\/li>\n<\/ul>\n<p>Meldet euch einfach per e-Mail <a href=\"mailto:info@hittfelder-muehle.de\">info@hittfelder-muehle.de<\/a> oder sprecht uns direkt in der Diskothek an.<\/p>\n\n\n<p><\/p>\n","protected":false},"excerpt":{"rendered":"<p>\u00a0 Das Team der Hittfelder M\u00fchle sucht Verst\u00e4rkung. Wir suchen nette, aufgeschlossene und zuverl\u00e4ssige Mitarbeiter (m\/w\/d) f\u00fcr folgende Bereiche: Kasse Bar Cocktailmixer Logistik Meldet euch einfach per e-Mail info@hittfelder-muehle.de oder sprecht uns direkt in der Diskothek an.<\/p>\n","protected":false},"author":1,"featured_media":0,"parent":0,"menu_order":0,"comment_status":"closed","ping_status":"closed","template":"","meta":{"footnotes":""},"class_list":["post-522","page","type-page","status-publish","hentry"],"_links":{"self":[{"href":"https:\/\/hittfelder-muehle.de\/index.php\/wp-json\/wp\/v2\/pages\/522","targetHints":{"allow":["GET"]}}],"collection":[{"href":"https:\/\/hittfelder-muehle.de\/index.php\/wp-json\/wp\/v2\/pages"}],"about":[{"href":"https:\/\/hittfelder-muehle.de\/index.php\/wp-json\/wp\/v2\/types\/page"}],"author":[{"embeddable":true,"href":"https:\/\/hittfelder-muehle.de\/index.php\/wp-json\/wp\/v2\/users\/1"}],"replies":[{"embeddable":true,"href":"https:\/\/hittfelder-muehle.de\/index.php\/wp-json\/wp\/v2\/comments?post=522"}],"version-history":[{"count":5,"href":"https:\/\/hittfelder-muehle.de\/index.php\/wp-json\/wp\/v2\/pages\/522\/revisions"}],"predecessor-version":[{"id":573,"href":"https:\/\/hittfelder-muehle.de\/index.php\/wp-json\/wp\/v2\/pages\/522\/revisions\/573"}],"wp:attachment":[{"href":"https:\/\/hittfelder-muehle.de\/index.php\/wp-json\/wp\/v2\/media?parent=522"}],"curies":[{"name":"wp","href":"https:\/\/api.w.org\/{rel}","templated":true}]}}