{"id":92,"date":"2020-04-16T21:27:16","date_gmt":"2020-04-16T19:27:16","guid":{"rendered":"http:\/\/hittfelder-muehle.de\/?page_id=92"},"modified":"2025-03-17T06:54:47","modified_gmt":"2025-03-17T05:54:47","slug":"muehle-buchen","status":"publish","type":"page","link":"https:\/\/hittfelder-muehle.de\/index.php\/muehle-buchen\/","title":{"rendered":"M\u00fchle buchen"},"content":{"rendered":"\r\n<p>Bei uns k\u00f6nnt Ihr feiern ganz wie Ihr es Euch w\u00fcnscht.<\/p>\r\n\r\n\r\n\r\n<p>Wir richten gern Eure Feier aus bis zu 700 Personen mit oder ohne Buffet<br \/>mit oder ohne DJ, ganz wie Ihr es w\u00fcnscht.<br \/>Wir planen jede Party ganz individuell nach Euren Vorstellungen.<\/p>\r\n\r\n\r\n\r\n<p>Anfragen oder Reservierungen bei uns pers\u00f6nlich am Abend in der M\u00fchle oder per Mail<\/p>\r\n\r\n\r\n\r\n<p>info@hittfelder-muehle.de<br \/>oder telefonisch: 04105 &#8211; 52244<\/p>\r\n\r\n\r\n\r\n<figure class=\"wp-block-video\"><video style=\"aspect-ratio: 640 \/ 352;\" src=\"http:\/\/hittfelder-muehle.de\/wp-content\/uploads\/2020\/04\/Muehle-Promo.mp4\" controls=\"controls\" width=\"640\" height=\"352\"><\/video><\/figure>\r\n","protected":false},"excerpt":{"rendered":"<p>Bei uns k\u00f6nnt Ihr feiern ganz wie Ihr es Euch w\u00fcnscht. Wir richten gern Eure Feier aus bis zu 700 Personen mit oder ohne Buffetmit oder ohne DJ, ganz wie Ihr es w\u00fcnscht.Wir planen jede Party ganz individuell nach Euren [&hellip;]<\/p>\n","protected":false},"author":2,"featured_media":0,"parent":0,"menu_order":0,"comment_status":"closed","ping_status":"closed","template":"","meta":{"footnotes":""},"class_list":["post-92","page","type-page","status-publish","hentry"],"_links":{"self":[{"href":"https:\/\/hittfelder-muehle.de\/index.php\/wp-json\/wp\/v2\/pages\/92","targetHints":{"allow":["GET"]}}],"collection":[{"href":"https:\/\/hittfelder-muehle.de\/index.php\/wp-json\/wp\/v2\/pages"}],"about":[{"href":"https:\/\/hittfelder-muehle.de\/index.php\/wp-json\/wp\/v2\/types\/page"}],"author":[{"embeddable":true,"href":"https:\/\/hittfelder-muehle.de\/index.php\/wp-json\/wp\/v2\/users\/2"}],"replies":[{"embeddable":true,"href":"https:\/\/hittfelder-muehle.de\/index.php\/wp-json\/wp\/v2\/comments?post=92"}],"version-history":[{"count":6,"href":"https:\/\/hittfelder-muehle.de\/index.php\/wp-json\/wp\/v2\/pages\/92\/revisions"}],"predecessor-version":[{"id":1657,"href":"https:\/\/hittfelder-muehle.de\/index.php\/wp-json\/wp\/v2\/pages\/92\/revisions\/1657"}],"wp:attachment":[{"href":"https:\/\/hittfelder-muehle.de\/index.php\/wp-json\/wp\/v2\/media?parent=92"}],"curies":[{"name":"wp","href":"https:\/\/api.w.org\/{rel}","templated":true}]}}